{"id":2,"date":"2023-02-03T17:36:41","date_gmt":"2023-02-03T17:36:41","guid":{"rendered":"http:\/\/heqlwiw.cluster027.hosting.ovh.net\/?page_id=2"},"modified":"2023-02-03T20:54:47","modified_gmt":"2023-02-03T20:54:47","slug":"sample-page","status":"publish","type":"page","link":"http:\/\/heqlwiw.cluster027.hosting.ovh.net\/","title":{"rendered":"Wprowadzenie"},"content":{"rendered":"\n<p>Oferujemy kompleksowe us\u0142ugi projektowania, wykonania i uruchomienia instalacji elektrycznych, teletechnicznych i automatyki budynkowej. <\/p>\n\n\n\n<p>Specjalizujemy si\u0119 w integracji system\u00f3w bezpiecze\u0144stwa budynk\u00f3w <strong>SMS<\/strong>, oraz system\u00f3w zarz\u0105dzania budynkami <strong>BMS<\/strong>.<\/p>\n\n\n\n<blockquote class=\"wp-block-quote is-layout-flow wp-block-quote-is-layout-flow\">\n<p>W naszej firmie wa\u017cnym elementem jest rozwi\u0105zywanie trudnych problem\u00f3w technicznych. <\/p>\n<\/blockquote>\n\n\n\n<p>&#8230;i <\/p>\n\n\n\n<blockquote class=\"wp-block-quote is-layout-flow wp-block-quote-is-layout-flow\">\n<p>Nie boimy si\u0119 \u017cadnego wyzwania.<\/p>\n<\/blockquote>\n\n\n\n<p><\/p>\n","protected":false},"excerpt":{"rendered":"<p>Oferujemy kompleksowe us\u0142ugi projektowania, wykonania i uruchomienia instalacji elektrycznych, teletechnicznych i automatyki budynkowej. Specjalizujemy si\u0119 w integracji system\u00f3w bezpiecze\u0144stwa budynk\u00f3w SMS, oraz [&hellip;]<\/p>\n","protected":false},"author":1,"featured_media":15,"parent":0,"menu_order":0,"comment_status":"closed","ping_status":"open","template":"","meta":{"footnotes":""},"class_list":["post-2","page","type-page","status-publish","has-post-thumbnail","hentry"],"_links":{"self":[{"href":"http:\/\/heqlwiw.cluster027.hosting.ovh.net\/index.php\/wp-json\/wp\/v2\/pages\/2","targetHints":{"allow":["GET"]}}],"collection":[{"href":"http:\/\/heqlwiw.cluster027.hosting.ovh.net\/index.php\/wp-json\/wp\/v2\/pages"}],"about":[{"href":"http:\/\/heqlwiw.cluster027.hosting.ovh.net\/index.php\/wp-json\/wp\/v2\/types\/page"}],"author":[{"embeddable":true,"href":"http:\/\/heqlwiw.cluster027.hosting.ovh.net\/index.php\/wp-json\/wp\/v2\/users\/1"}],"replies":[{"embeddable":true,"href":"http:\/\/heqlwiw.cluster027.hosting.ovh.net\/index.php\/wp-json\/wp\/v2\/comments?post=2"}],"version-history":[{"count":2,"href":"http:\/\/heqlwiw.cluster027.hosting.ovh.net\/index.php\/wp-json\/wp\/v2\/pages\/2\/revisions"}],"predecessor-version":[{"id":51,"href":"http:\/\/heqlwiw.cluster027.hosting.ovh.net\/index.php\/wp-json\/wp\/v2\/pages\/2\/revisions\/51"}],"wp:featuredmedia":[{"embeddable":true,"href":"http:\/\/heqlwiw.cluster027.hosting.ovh.net\/index.php\/wp-json\/wp\/v2\/media\/15"}],"wp:attachment":[{"href":"http:\/\/heqlwiw.cluster027.hosting.ovh.net\/index.php\/wp-json\/wp\/v2\/media?parent=2"}],"curies":[{"name":"wp","href":"https:\/\/api.w.org\/{rel}","templated":true}]}}